{"id":2,"date":"2019-11-15T13:09:25","date_gmt":"2019-11-15T13:09:25","guid":{"rendered":"http:\/\/a-warburg-workbook.org\/?page_id=2"},"modified":"2022-11-29T14:10:00","modified_gmt":"2022-11-29T12:10:00","slug":"prices","status":"publish","type":"page","link":"http:\/\/a-warburg-workbook.org\/news\/prices","title":{"rendered":"shop &#8211; 2022 price info &#8211; ISBN"},"content":{"rendered":"\n<p class=\"has-text-align-center\"><\/p>\n\n\n\n<p class=\"has-text-align-center\"><\/p>\n\n\n\n<figure class=\"wp-block-image size-large\"><img loading=\"lazy\" decoding=\"async\" width=\"1024\" height=\"680\" src=\"https:\/\/a-warburg-workbook.org\/wp-content\/uploads\/2021\/12\/2022_HAM-FIR_BikeCalender22s-1024x680.jpg\" alt=\"\" class=\"wp-image-3542\" srcset=\"http:\/\/a-warburg-workbook.org\/wp-content\/uploads\/2021\/12\/2022_HAM-FIR_BikeCalender22s-1024x680.jpg 1024w, http:\/\/a-warburg-workbook.org\/wp-content\/uploads\/2021\/12\/2022_HAM-FIR_BikeCalender22s-300x199.jpg 300w, http:\/\/a-warburg-workbook.org\/wp-content\/uploads\/2021\/12\/2022_HAM-FIR_BikeCalender22s-768x510.jpg 768w, http:\/\/a-warburg-workbook.org\/wp-content\/uploads\/2021\/12\/2022_HAM-FIR_BikeCalender22s-200x133.jpg 200w, http:\/\/a-warburg-workbook.org\/wp-content\/uploads\/2021\/12\/2022_HAM-FIR_BikeCalender22s-660x438.jpg 660w, http:\/\/a-warburg-workbook.org\/wp-content\/uploads\/2021\/12\/2022_HAM-FIR_BikeCalender22s.jpg 1494w\" sizes=\"auto, (max-width: 1024px) 100vw, 1024px\" \/><\/figure>\n\n\n\n<p><strong>&#8222;HAMBURG 2022 FIRENZE&#8220; &#8211; A Warburg Workbook on Tour. <\/strong>Kalender mit 14 B\u00f6gen 29,7&#215;42,0cm mit Spiralbindung, Limited Edition of 100 only, pro St\u00fcck \u20ac 15,&#8211; zzgl. Versand. <strong><span class=\"has-inline-color has-vivid-red-color\">Nur noch wenige Exemplare vorhanden, nur 004 von 100, fast ausverkauft!<\/span><\/strong> \/\/ <em><strong>&#8222;HAMBURG 2022 FIRENZE&#8220; &#8211; A Warburg Workbook on Tour.<\/strong> Calendar with 14 sheets 29.7&#215;42.0cm with spiral binding, limited edition of 100 only, each \u20ac 15.00 plus shipping. <strong><span class=\"has-inline-color has-vivid-red-color\">Only a few copies left, only 004 of 100, almost sold out! Order now!<\/span><\/strong><\/em><\/p>\n\n\n\n<p class=\"has-text-align-center\">_______________<\/p>\n\n\n\n<p class=\"has-text-align-center\">F\u00fcr alle Fragen nach Verf\u00fcgbarkeit, Bestellungen und Versand \u2013 bitte schreibt an thies@ibold.com, danke! \/&nbsp;<em>For all questions about availability, orders and shipping \u2013 please write to thies@ibold.com, thank you!<\/em><\/p>\n\n\n\n<p class=\"has-text-align-center\">_______________<\/p>\n\n\n\n<figure class=\"wp-block-image size-large is-resized\"><img loading=\"lazy\" decoding=\"async\" src=\"https:\/\/a-warburg-workbook.org\/wp-content\/uploads\/2021\/03\/210326-A-WaWoCasino-LadyShirt72-1-1024x486.jpg\" alt=\"\" class=\"wp-image-1686\" width=\"840\" height=\"398\" srcset=\"http:\/\/a-warburg-workbook.org\/wp-content\/uploads\/2021\/03\/210326-A-WaWoCasino-LadyShirt72-1-1024x486.jpg 1024w, http:\/\/a-warburg-workbook.org\/wp-content\/uploads\/2021\/03\/210326-A-WaWoCasino-LadyShirt72-1-300x142.jpg 300w, http:\/\/a-warburg-workbook.org\/wp-content\/uploads\/2021\/03\/210326-A-WaWoCasino-LadyShirt72-1-768x364.jpg 768w, http:\/\/a-warburg-workbook.org\/wp-content\/uploads\/2021\/03\/210326-A-WaWoCasino-LadyShirt72-1-660x313.jpg 660w, http:\/\/a-warburg-workbook.org\/wp-content\/uploads\/2021\/03\/210326-A-WaWoCasino-LadyShirt72-1.jpg 1495w\" sizes=\"auto, (max-width: 840px) 100vw, 840px\" \/><\/figure>\n\n\n\n<p class=\"has-text-align-center\">Neues aus dem Pr\u00eat-\u00e0-porter-Studio: A-WaWoBo-Collection Spring \/ Summer 2021 <strong><strong><strong><strong>Lady Casino T-Shirt &#8222;rien ne va plus&#8220;, <\/strong><em>premium quality, lady size M, \u20ac 20,&#8211; each, incl. p&amp;p worldwide \u20ac 24,&#8211;<\/em><strong>. <\/strong><em><strong>Limited Edition of 1 \/ 30 only \u2013 ultra rare &amp; brand new!<\/strong><\/em><\/strong> <em><strong>Order now! Please send an e-mail to thies@ibold.com, thanks!<\/strong><\/em><\/strong><\/strong><\/p>\n\n\n\n<p class=\"has-text-align-center\">_______________<\/p>\n\n\n<div class=\"wp-block-image\">\n<figure class=\"aligncenter size-large\"><img loading=\"lazy\" decoding=\"async\" width=\"1024\" height=\"546\" src=\"https:\/\/a-warburg-workbook.org\/wp-content\/uploads\/2021\/03\/210310-A-WaWaBo-Do-T-Shirt-Casino-72-5-1024x546.jpg\" alt=\"\" class=\"wp-image-1483\" srcset=\"http:\/\/a-warburg-workbook.org\/wp-content\/uploads\/2021\/03\/210310-A-WaWaBo-Do-T-Shirt-Casino-72-5-1024x546.jpg 1024w, http:\/\/a-warburg-workbook.org\/wp-content\/uploads\/2021\/03\/210310-A-WaWaBo-Do-T-Shirt-Casino-72-5-300x160.jpg 300w, http:\/\/a-warburg-workbook.org\/wp-content\/uploads\/2021\/03\/210310-A-WaWaBo-Do-T-Shirt-Casino-72-5-768x410.jpg 768w, http:\/\/a-warburg-workbook.org\/wp-content\/uploads\/2021\/03\/210310-A-WaWaBo-Do-T-Shirt-Casino-72-5-1536x819.jpg 1536w, http:\/\/a-warburg-workbook.org\/wp-content\/uploads\/2021\/03\/210310-A-WaWaBo-Do-T-Shirt-Casino-72-5-660x352.jpg 660w, http:\/\/a-warburg-workbook.org\/wp-content\/uploads\/2021\/03\/210310-A-WaWaBo-Do-T-Shirt-Casino-72-5.jpg 1594w\" sizes=\"auto, (max-width: 1024px) 100vw, 1024px\" \/><\/figure><\/div>\n\n\n<p class=\"has-text-align-center\" style=\"text-align: center;\"><em data-reader-unique-id=\"10\"><strong data-reader-unique-id=\"11\">NEW: A Warburg Workspace pr\u00eat-\u00e0-porter! The spring- and summer-collection 2021:<\/strong><\/em> <em data-reader-unique-id=\"12\">T-Shirts, front+back, size XL, premium quality, \u20ac 20,- each, incl. p&amp;p worldwide \u20ac 24,-<\/em>. <em data-reader-unique-id=\"13\"><strong data-reader-unique-id=\"14\">Limited Edition of 1 \/ 30 only \u2013 ultra rare! Order now! Please send an e-mail to thies@ibold.com, thanks!!&nbsp;<\/strong><\/em><\/p>\n\n\n\n<figure class=\"wp-block-image size-large\"><img loading=\"lazy\" decoding=\"async\" width=\"1024\" height=\"106\" src=\"https:\/\/a-warburg-workbook.org\/wp-content\/uploads\/2021\/03\/210310-A-WaWoBo-Casino-T-Stirts9-72-3-1024x106.jpg\" alt=\"\" class=\"wp-image-1585\" srcset=\"http:\/\/a-warburg-workbook.org\/wp-content\/uploads\/2021\/03\/210310-A-WaWoBo-Casino-T-Stirts9-72-3-1024x106.jpg 1024w, http:\/\/a-warburg-workbook.org\/wp-content\/uploads\/2021\/03\/210310-A-WaWoBo-Casino-T-Stirts9-72-3-300x31.jpg 300w, http:\/\/a-warburg-workbook.org\/wp-content\/uploads\/2021\/03\/210310-A-WaWoBo-Casino-T-Stirts9-72-3-768x79.jpg 768w, http:\/\/a-warburg-workbook.org\/wp-content\/uploads\/2021\/03\/210310-A-WaWoBo-Casino-T-Stirts9-72-3-1536x158.jpg 1536w, http:\/\/a-warburg-workbook.org\/wp-content\/uploads\/2021\/03\/210310-A-WaWoBo-Casino-T-Stirts9-72-3-2048x211.jpg 2048w, http:\/\/a-warburg-workbook.org\/wp-content\/uploads\/2021\/03\/210310-A-WaWoBo-Casino-T-Stirts9-72-3-660x68.jpg 660w\" sizes=\"auto, (max-width: 1024px) 100vw, 1024px\" \/><\/figure>\n\n\n\n<p class=\"has-text-align-center\">_______________<\/p>\n\n\n<div class=\"wp-block-image\">\n<figure class=\"aligncenter size-large\"><img loading=\"lazy\" decoding=\"async\" width=\"1024\" height=\"615\" src=\"https:\/\/a-warburg-workbook.org\/wp-content\/uploads\/2021\/03\/210321-A-WaWoBo-T-Shirt-doube72a-1024x615.jpg\" alt=\"\" class=\"wp-image-1599\" srcset=\"http:\/\/a-warburg-workbook.org\/wp-content\/uploads\/2021\/03\/210321-A-WaWoBo-T-Shirt-doube72a-1024x615.jpg 1024w, http:\/\/a-warburg-workbook.org\/wp-content\/uploads\/2021\/03\/210321-A-WaWoBo-T-Shirt-doube72a-300x180.jpg 300w, http:\/\/a-warburg-workbook.org\/wp-content\/uploads\/2021\/03\/210321-A-WaWoBo-T-Shirt-doube72a-768x461.jpg 768w, http:\/\/a-warburg-workbook.org\/wp-content\/uploads\/2021\/03\/210321-A-WaWoBo-T-Shirt-doube72a-1536x922.jpg 1536w, http:\/\/a-warburg-workbook.org\/wp-content\/uploads\/2021\/03\/210321-A-WaWoBo-T-Shirt-doube72a-660x396.jpg 660w, http:\/\/a-warburg-workbook.org\/wp-content\/uploads\/2021\/03\/210321-A-WaWoBo-T-Shirt-doube72a.jpg 1701w\" sizes=\"auto, (max-width: 1024px) 100vw, 1024px\" \/><\/figure><\/div>\n\n\n<p class=\"has-text-align-center\" style=\"text-align: center;\"><strong><em>EXCLUSIVE:<\/em> A Warburg Workbook <\/strong><strong>Ausgehkleidung!<\/strong><em data-reader-unique-id=\"10\"><strong>&nbsp;The Bondwear-summer-collection 2020:<\/strong><\/em> <em data-reader-unique-id=\"12\">T-Shirts, front+back, size XL or M, premium quality, \u20ac 20,-, incl. p&amp;p worldwide \u20ac 24,-<\/em>. <em data-reader-unique-id=\"13\"><strong data-reader-unique-id=\"14\">Limited Edition of 1 \/ 50 only &nbsp;\u2013 ultra rare! Few left! Order now! Please send an e-mail to thies@ibold.com, thanks!<\/strong><\/em><\/p>\n\n\n\n<p class=\"has-text-align-center\">_______________<\/p>\n\n\n\n<figure class=\"wp-block-image size-large\"><img loading=\"lazy\" decoding=\"async\" width=\"1024\" height=\"768\" src=\"https:\/\/a-warburg-workbook.org\/wp-content\/uploads\/2021\/03\/2021-A-WaWoBo-divBooks72-1024x768.jpg\" alt=\"\" class=\"wp-image-1487\" srcset=\"http:\/\/a-warburg-workbook.org\/wp-content\/uploads\/2021\/03\/2021-A-WaWoBo-divBooks72-1024x768.jpg 1024w, http:\/\/a-warburg-workbook.org\/wp-content\/uploads\/2021\/03\/2021-A-WaWoBo-divBooks72-300x225.jpg 300w, http:\/\/a-warburg-workbook.org\/wp-content\/uploads\/2021\/03\/2021-A-WaWoBo-divBooks72-768x576.jpg 768w, http:\/\/a-warburg-workbook.org\/wp-content\/uploads\/2021\/03\/2021-A-WaWoBo-divBooks72-660x495.jpg 660w, http:\/\/a-warburg-workbook.org\/wp-content\/uploads\/2021\/03\/2021-A-WaWoBo-divBooks72.jpg 1134w\" sizes=\"auto, (max-width: 1024px) 100vw, 1024px\" \/><\/figure>\n\n\n\n<p class=\"has-text-align-center\"><\/p>\n\n\n\n<p class=\"has-text-align-center\"><strong><em>new prices 2021<\/em><\/strong><\/p>\n\n\n\n<p><\/p>\n\n\n\n<figure class=\"wp-block-image size-large\"><img loading=\"lazy\" decoding=\"async\" width=\"1024\" height=\"686\" src=\"https:\/\/a-warburg-workbook.org\/wp-content\/uploads\/2021\/03\/202103-A-WaWoBo-Preise-1024x686.jpg\" alt=\"\" class=\"wp-image-1489\" srcset=\"http:\/\/a-warburg-workbook.org\/wp-content\/uploads\/2021\/03\/202103-A-WaWoBo-Preise-1024x686.jpg 1024w, http:\/\/a-warburg-workbook.org\/wp-content\/uploads\/2021\/03\/202103-A-WaWoBo-Preise-300x201.jpg 300w, http:\/\/a-warburg-workbook.org\/wp-content\/uploads\/2021\/03\/202103-A-WaWoBo-Preise-768x514.jpg 768w, http:\/\/a-warburg-workbook.org\/wp-content\/uploads\/2021\/03\/202103-A-WaWoBo-Preise-1536x1029.jpg 1536w, http:\/\/a-warburg-workbook.org\/wp-content\/uploads\/2021\/03\/202103-A-WaWoBo-Preise-200x133.jpg 200w, http:\/\/a-warburg-workbook.org\/wp-content\/uploads\/2021\/03\/202103-A-WaWoBo-Preise-660x442.jpg 660w, http:\/\/a-warburg-workbook.org\/wp-content\/uploads\/2021\/03\/202103-A-WaWoBo-Preise.jpg 1701w\" sizes=\"auto, (max-width: 1024px) 100vw, 1024px\" \/><\/figure>\n\n\n\n<p class=\"has-text-align-center\">_______________<\/p>\n\n\n\n<p class=\"has-text-align-center\">Alle Preise f\u00fcr Editionen unter Vorbehalt. \/<em> All prices for editions are reserved.<\/em><br><br>Weitere Infos und Bestell-PDF: thies@ibold.com<br><em>More information and Order-PDF: thies@ibold.com<\/em><\/p>\n\n\n\n<p class=\"has-text-align-center\">________<\/p>\n\n\n\n<p class=\"has-text-align-center\"><strong>A Warburg Workbook<\/strong> &#8211; erschienen bei: Edition Thies Ibold, Hamburg 2019  \/  <em><strong>A Warburg Workbook <\/strong>&#8211; published by Edition Thies Ibold, Hamburg 2019<\/em><\/p>\n\n\n\n<p class=\"has-text-align-center\"><strong>ISBN 978 &#8211; 3 &#8211; 9821 493 &#8211; 0 &#8211; 1<\/strong><\/p>\n\n\n\n<p class=\"has-text-align-center\"><strong>Erfassung<\/strong> des Buchs A Warburg Workbook in der <strong>Bucerius Bibliothek<\/strong> im MKG Museum f\u00fcr Kunst und Gewerbe Hamburg \/ <em><strong>Collection<\/strong> of the book A Warburg Workbook in the <strong>Bucerius Library<\/strong> in the MKG Museum f\u00fcr Kunst und Gewerbe Hamburg<\/em>:<\/p>\n\n\n\n<p><img loading=\"lazy\" decoding=\"async\" alt=\"B\u00fccher\" src=\"https:\/\/kxpwww.k10plus.de\/images\/worldcat_icons\/book.gif\" width=\"20\" height=\"20\"><br><a href=\"https:\/\/kxp.k10plus.de\/DB=2.1\/PRS=PP\/NXT?FRST=1&amp;AUTOHOLD=N\"><\/a><\/p>\n\n\n\n<figure class=\"wp-block-table\"><table><tbody><tr><td><\/td><td>PPN:&nbsp;<\/td><td>1686545142&nbsp;<a href=\"https:\/\/kxp.k10plus.de\/DB=2.1\/PPNSET?PPN=1686545142\" target=\"_blank\" rel=\"noreferrer noopener\"><\/a><\/td><\/tr><tr><td><\/td><td>Titel:&nbsp;<\/td><td><a href=\"https:\/\/kxp.k10plus.de\/DB=2.1\/MAT=\/NOMAT=T\/CLK?IKT=8062&amp;TRM=Warburg+Workbook\">A Warburg Workbook<\/a>&nbsp;: Foto-Essays aus dem Warburg-Haus Hamburg : photo essays from the Warburg House Hamburg \/ ein Buch von Thies Ibold, mit Texten von J\u00f6rg Jochen Berns, Benjamin Fellmann, David Freedberg, Alexander Honold, Peter Krieger, Karen Michels, Hinrich Sieveking, Salvatore Settis, einem Kunstwerk von Hila Laviv und einem Gespr\u00e4ch mit Martin Warnke<\/td><\/tr><tr><td><\/td><td>Person\/en:&nbsp;<\/td><td><a href=\"https:\/\/kxp.k10plus.de\/DB=2.1\/MAT=\/NOMAT=T\/REL?PPN=1686168209\">Ibold, Thies *1964-* [FotografIn]<\/a>&nbsp;<a href=\"https:\/\/kxp.k10plus.de\/DB=2.1\/PPNSET?PPN=1686168209\"><\/a><a href=\"https:\/\/kxp.k10plus.de\/DB=2.1\/MAT=\/NOMAT=T\/REL?PPN=081711336\">Berns, J\u00f6rg Jochen *1938-* [VerfasserIn von erg\u00e4nzendem Text]<\/a>&nbsp;<a href=\"https:\/\/kxp.k10plus.de\/DB=2.1\/PPNSET?PPN=081711336\"><\/a>&nbsp;;&nbsp;<a href=\"https:\/\/kxp.k10plus.de\/DB=2.1\/MAT=\/NOMAT=T\/REL?PPN=1002248957\">Fellmann, Benjamin [VerfasserIn von erg\u00e4nzendem Text]<\/a>&nbsp;<a href=\"https:\/\/kxp.k10plus.de\/DB=2.1\/PPNSET?PPN=1002248957\"><\/a>&nbsp;;&nbsp;<a href=\"https:\/\/kxp.k10plus.de\/DB=2.1\/MAT=\/NOMAT=T\/REL?PPN=525176640\">Freedberg, David *1948-* [VerfasserIn von erg\u00e4nzendem Text]<\/a>&nbsp;<a href=\"https:\/\/kxp.k10plus.de\/DB=2.1\/PPNSET?PPN=525176640\"><\/a>&nbsp;;&nbsp;<a href=\"https:\/\/kxp.k10plus.de\/DB=2.1\/MAT=\/NOMAT=T\/REL?PPN=081120478\">Honold, Alexander *1962-* [VerfasserIn von erg\u00e4nzendem Text]<\/a>&nbsp;<a href=\"https:\/\/kxp.k10plus.de\/DB=2.1\/PPNSET?PPN=081120478\"><\/a>&nbsp;;&nbsp;<a href=\"https:\/\/kxp.k10plus.de\/DB=2.1\/MAT=\/NOMAT=T\/REL?PPN=682867489\">Krieger, Peter *1961-* [VerfasserIn von erg\u00e4nzendem Text]<\/a>&nbsp;<a href=\"https:\/\/kxp.k10plus.de\/DB=2.1\/PPNSET?PPN=682867489\"><\/a>&nbsp;;&nbsp;<a href=\"https:\/\/kxp.k10plus.de\/DB=2.1\/MAT=\/NOMAT=T\/REL?PPN=526863641\">Michels, Karen *1959-* [VerfasserIn von erg\u00e4nzendem Text]<\/a>&nbsp;<a href=\"https:\/\/kxp.k10plus.de\/DB=2.1\/PPNSET?PPN=526863641\"><\/a>&nbsp;;&nbsp;<a href=\"https:\/\/kxp.k10plus.de\/DB=2.1\/MAT=\/NOMAT=T\/REL?PPN=87646259X\">Sieveking, Hinrich *1940-* [VerfasserIn von erg\u00e4nzendem Text]<\/a>&nbsp;<a href=\"https:\/\/kxp.k10plus.de\/DB=2.1\/PPNSET?PPN=87646259X\"><\/a>&nbsp;;&nbsp;<a href=\"https:\/\/kxp.k10plus.de\/DB=2.1\/MAT=\/NOMAT=T\/REL?PPN=085721115\">Settis, Salvatore *1941-* [VerfasserIn von erg\u00e4nzendem Text]<\/a>&nbsp;<a href=\"https:\/\/kxp.k10plus.de\/DB=2.1\/PPNSET?PPN=085721115\"><\/a>&nbsp;;&nbsp;<a href=\"https:\/\/kxp.k10plus.de\/DB=2.1\/MAT=\/NOMAT=T\/REL?PPN=077518543\">Warnke, Martin *1937-2019* [VerfasserIn von erg\u00e4nzendem Text]<\/a>&nbsp;<a href=\"https:\/\/kxp.k10plus.de\/DB=2.1\/PPNSET?PPN=077518543\"><\/a><\/td><\/tr><tr><td><\/td><td>Ausgabe:&nbsp;<\/td><td>1. Auflage<\/td><\/tr><tr><td><\/td><td>Ort\/Jahr:&nbsp;<\/td><td>Hamburg : Edition Thies Ibold, 2019<\/td><\/tr><tr><td><\/td><td>Sprache\/n:&nbsp;<\/td><td>Deutsch, Englisch<\/td><\/tr><tr><td><\/td><td>Art des Inhalts:&nbsp;<\/td><td><a href=\"https:\/\/kxp.k10plus.de\/DB=2.1\/MAT=\/NOMAT=T\/REL?PPN=104450835\">Bildband<\/a><\/td><\/tr><tr><td><\/td><td>Umfang:&nbsp;<\/td><td>168 Seiten : Illustrationen ; 33 cm<\/td><\/tr><tr><td><\/td><td>Anmerkung:&nbsp;<\/td><td>Archivierung\/Langzeitarchivierung gew\u00e4hrleistet 2020 (Rechtsgrundlage Pflichtexemplar Hamburg). SUB+Uni HamburgText deutsch und englisch<\/td><\/tr><tr><td><a><\/a><\/td><td>Zusammenfassung:&nbsp;<\/td><td>Dieses Foto-Buch von Thies Ibold widmet sich einem symboltr\u00e4chtigen Ort Hamburgs, dem Warburg-Haus in der Heilwigstra\u00dfe, welches bis 1933 die Bibliothek von Aby Warburg beherbergte und seit 1993 wieder in \u00f6ffentlicher Nutzung \u00fcberf\u00fchrt wurde. Die detailreichen Schwarz-Wei\u00df-Aufnahmen lassen ungeahnte Verbindungen entstehen und die innenarchitektonische Einrichtung sowie das Umfeld des Warburg Hauses unter neuen Perspektiven sehen lernen.<\/td><\/tr><tr><td><\/td><td>ISBN:&nbsp;<\/td><td>978-3-9821493-0-1<\/td><\/tr><tr><td><\/td><td>Schlagw\u00f6rter:&nbsp;<\/td><td>*<a href=\"https:\/\/kxp.k10plus.de\/DB=2.1\/MAT=\/NOMAT=T\/REL?PPN=249787393\">Warburg-Haus &lt;Hamburg&gt;<\/a>&nbsp;<a href=\"https:\/\/kxp.k10plus.de\/DB=2.1\/PPNSET?PPN=249787393\"><\/a>&nbsp;\/&nbsp;<a href=\"https:\/\/kxp.k10plus.de\/DB=2.1\/MAT=\/NOMAT=T\/REL?PPN=105216909\">Ellipse<\/a>&nbsp;<a href=\"https:\/\/kxp.k10plus.de\/DB=2.1\/PPNSET?PPN=105216909\"><\/a><\/td><\/tr><tr><td><\/td><td>Klassifikation:&nbsp;<\/td><td>Basisklassifikation:&nbsp;<a href=\"https:\/\/kxp.k10plus.de\/DB=2.1\/MAT=\/NOMAT=T\/REL?PPN=106403168\">02.01 (Geschichte der Wissenschaft und Kultur)<\/a>&nbsp;<a href=\"https:\/\/kxp.k10plus.de\/DB=2.1\/PPNSET?PPN=106403168\"><\/a>&nbsp;|&nbsp;<a href=\"https:\/\/kxp.k10plus.de\/DB=2.1\/MAT=\/NOMAT=T\/REL?PPN=106405705\">21.49 (Photographie: Sonstiges)<\/a>&nbsp;<a href=\"https:\/\/kxp.k10plus.de\/DB=2.1\/PPNSET?PPN=106405705\"><\/a><\/td><\/tr><tr><td><\/td><td>Links zum Titel:&nbsp;<\/td><td><a href=\"https:\/\/a-warburg-workbook.org\/\" target=\"_blank\" rel=\"noreferrer noopener\">https:\/\/a-warburg-workbook.org\/<\/a><\/td><\/tr><\/tbody><\/table><\/figure>\n\n\n\n<figure class=\"wp-block-image\"><a href=\"http:\/\/www.worldcat.org\/oclc\/1178892565\/editions?editionsView=true&amp;referer=br\"><img decoding=\"async\" src=\"https:\/\/kxpwww.k10plus.de\/images\/icons\/worldcat.gif\" alt=\"Alle Ausgaben und Formate dieses Titels in WorldCat\" title=\"Alle Ausgaben und Formate dieses Titels in WorldCat\"\/><\/a><\/figure>\n\n\n\n<figure class=\"wp-block-table\"><table><tbody><tr><td>&nbsp;<\/td><td><\/td><td>&nbsp;<\/td><td><\/td><td>&nbsp;&nbsp;<\/td><\/tr><\/tbody><\/table><\/figure>\n\n\n\n<p>Besitzende Bibliothek(en): Klicken Sie auf einen Bibliotheksnamen oder auf &gt;&nbsp;<a href=\"https:\/\/kxp.k10plus.de\/DB=2.1\/PRS=HOL\/SHW?FRST=1&amp;HILN=888#888\">Detailansicht<\/a><a href=\"https:\/\/opac.smb.spk-berlin.de\/LNG=DU\/CLK?IKT=12&amp;TRM=1686545142\"><\/a><a href=\"http:\/\/www.ifskb.de\/?q=node\/31\"><\/a><a href=\"https:\/\/kxp.k10plus.de\/DB=2.1\/PRS=HOL\/SHW?FRST=1&amp;HILN=181#181\"><\/a><a href=\"https:\/\/kxp.k10plus.de\/DB=2.1\/PRS=HOL\/SHW?FRST=1&amp;HILN=181#181\">&nbsp;Berlin, Staatliche Museen zu Berlin &#8211; Preu\u00dfischer Kulturbesitz &lt;3181&gt;<\/a><a href=\"https:\/\/kataloge.uni-hamburg.de\/DB=3\/LNG=DU\/CLK?IKT=12&amp;TRM=1686545142\"><\/a><img loading=\"lazy\" decoding=\"async\" alt=\"\" src=\"https:\/\/kxpwww.k10plus.de\/images\/gui\/empty.gif\" width=\"20\" height=\"20\"><a href=\"https:\/\/kxp.k10plus.de\/DB=2.1\/PRS=HOL\/SHW?FRST=1&amp;HILN=203#203\"><\/a><a href=\"https:\/\/kxp.k10plus.de\/DB=2.1\/PRS=HOL\/SHW?FRST=1&amp;HILN=203#203\">&nbsp;Hamburg, Museumsbibliotheken Hamburg und Denkmalschutzamt &lt;3522&gt;<\/a><a href=\"https:\/\/kataloge.uni-hamburg.de\/DB=1\/LNG=DU\/CLK?IKT=12&amp;TRM=1686545142\"><\/a><a href=\"http:\/\/www.sub.uni-hamburg.de\/\"><\/a><a href=\"https:\/\/kxp.k10plus.de\/DB=2.1\/PRS=HOL\/SHW?FRST=1&amp;HILN=22#22\"><\/a><a href=\"https:\/\/kxp.k10plus.de\/DB=2.1\/PRS=HOL\/SHW?FRST=1&amp;HILN=22#22\">&nbsp;Hamburg, Staats- und Universit\u00e4tsbibliothek Hamburg \/ Universit\u00e4t Hamburg &lt;18&gt;<\/a><img loading=\"lazy\" decoding=\"async\" alt=\"\" src=\"https:\/\/kxpwww.k10plus.de\/images\/gui\/empty.gif\" width=\"20\" height=\"20\"><img loading=\"lazy\" decoding=\"async\" alt=\"\" src=\"https:\/\/kxpwww.k10plus.de\/images\/gui\/empty.gif\" width=\"20\" height=\"20\"><a href=\"https:\/\/kxp.k10plus.de\/DB=2.1\/PRS=HOL\/SHW?FRST=1&amp;HILN=1015#1015\"><\/a><a href=\"https:\/\/kxp.k10plus.de\/DB=2.1\/PRS=HOL\/SHW?FRST=1&amp;HILN=1015#1015\">&nbsp;Hamburg, Verein f\u00fcr Hamburgische Geschichte<\/a><a href=\"http:\/\/webopac.gnm.de\/aDISWeb\/app?service=direct\/0\/Home\/%24DirectLink&amp;sp=SOPAC00&amp;sp=SAKSWB-IdNr1686545142\"><\/a><img loading=\"lazy\" decoding=\"async\" alt=\"\" src=\"https:\/\/kxpwww.k10plus.de\/images\/gui\/empty.gif\" width=\"20\" height=\"20\"><a href=\"https:\/\/kxp.k10plus.de\/DB=2.1\/PRS=HOL\/SHW?FRST=1&amp;HILN=2046#2046\"><\/a><a href=\"https:\/\/kxp.k10plus.de\/DB=2.1\/PRS=HOL\/SHW?FRST=1&amp;HILN=2046#2046\">&nbsp;N\u00fcrnberg, Bibliothek des Germanischen Nationalmuseums<\/a><\/p>\n\n\n\n<figure class=\"wp-block-image size-large\"><img loading=\"lazy\" decoding=\"async\" width=\"1024\" height=\"522\" src=\"https:\/\/a-warburg-workbook.org\/wp-content\/uploads\/2021\/04\/2104-A-WaWoBa-Caps-100x50-72-3-1024x522.jpg\" alt=\"\" class=\"wp-image-1906\" srcset=\"http:\/\/a-warburg-workbook.org\/wp-content\/uploads\/2021\/04\/2104-A-WaWoBa-Caps-100x50-72-3-1024x522.jpg 1024w, http:\/\/a-warburg-workbook.org\/wp-content\/uploads\/2021\/04\/2104-A-WaWoBa-Caps-100x50-72-3-300x153.jpg 300w, http:\/\/a-warburg-workbook.org\/wp-content\/uploads\/2021\/04\/2104-A-WaWoBa-Caps-100x50-72-3-768x391.jpg 768w, http:\/\/a-warburg-workbook.org\/wp-content\/uploads\/2021\/04\/2104-A-WaWoBa-Caps-100x50-72-3-660x336.jpg 660w, http:\/\/a-warburg-workbook.org\/wp-content\/uploads\/2021\/04\/2104-A-WaWoBa-Caps-100x50-72-3.jpg 1417w\" sizes=\"auto, (max-width: 1024px) 100vw, 1024px\" \/><\/figure>\n\n\n\n<p><\/p>\n","protected":false},"excerpt":{"rendered":"<p>&#8222;HAMBURG 2022 FIRENZE&#8220; &#8211; A Warburg Workbook on Tour. Kalender mit 14 B\u00f6gen 29,7&#215;42,0cm mit Spiralbindung, Limited Edition of 100&hellip; <a class=\"read-more\" href=\"http:\/\/a-warburg-workbook.org\/news\/prices\">Weiterlesen <span class=\"screen-reader-text\">shop &#8211; 2022 price info &#8211; ISBN<\/span><\/a><\/p>\n","protected":false},"author":1,"featured_media":0,"parent":0,"menu_order":2,"comment_status":"closed","ping_status":"closed","template":"","meta":{"ngg_post_thumbnail":0,"footnotes":""},"class_list":["post-2","page","type-page","status-publish","hentry"],"jetpack_sharing_enabled":true,"_links":{"self":[{"href":"http:\/\/a-warburg-workbook.org\/news\/wp-json\/wp\/v2\/pages\/2","targetHints":{"allow":["GET"]}}],"collection":[{"href":"http:\/\/a-warburg-workbook.org\/news\/wp-json\/wp\/v2\/pages"}],"about":[{"href":"http:\/\/a-warburg-workbook.org\/news\/wp-json\/wp\/v2\/types\/page"}],"author":[{"embeddable":true,"href":"http:\/\/a-warburg-workbook.org\/news\/wp-json\/wp\/v2\/users\/1"}],"replies":[{"embeddable":true,"href":"http:\/\/a-warburg-workbook.org\/news\/wp-json\/wp\/v2\/comments?post=2"}],"version-history":[{"count":69,"href":"http:\/\/a-warburg-workbook.org\/news\/wp-json\/wp\/v2\/pages\/2\/revisions"}],"predecessor-version":[{"id":4421,"href":"http:\/\/a-warburg-workbook.org\/news\/wp-json\/wp\/v2\/pages\/2\/revisions\/4421"}],"wp:attachment":[{"href":"http:\/\/a-warburg-workbook.org\/news\/wp-json\/wp\/v2\/media?parent=2"}],"curies":[{"name":"wp","href":"https:\/\/api.w.org\/{rel}","templated":true}]}}