{"id":819,"date":"2021-02-15T17:30:39","date_gmt":"2021-02-15T17:30:39","guid":{"rendered":"https:\/\/a-warburg-workbook.org\/?page_id=819"},"modified":"2022-11-28T18:10:48","modified_gmt":"2022-11-28T16:10:48","slug":"facts","status":"publish","type":"page","link":"http:\/\/a-warburg-workbook.org\/news\/facts","title":{"rendered":"FACTS"},"content":{"rendered":"\n<p><\/p>\n\n\n<div class=\"wp-block-image\">\n<figure class=\"aligncenter size-large\"><img loading=\"lazy\" decoding=\"async\" width=\"1024\" height=\"661\" src=\"https:\/\/a-warburg-workbook.org\/wp-content\/uploads\/2021\/03\/2019-A-WaWoBo-Buchdeckel72-1024x661.jpg\" alt=\"\" class=\"wp-image-1699\" srcset=\"http:\/\/a-warburg-workbook.org\/wp-content\/uploads\/2021\/03\/2019-A-WaWoBo-Buchdeckel72-1024x661.jpg 1024w, http:\/\/a-warburg-workbook.org\/wp-content\/uploads\/2021\/03\/2019-A-WaWoBo-Buchdeckel72-300x194.jpg 300w, http:\/\/a-warburg-workbook.org\/wp-content\/uploads\/2021\/03\/2019-A-WaWoBo-Buchdeckel72-768x496.jpg 768w, http:\/\/a-warburg-workbook.org\/wp-content\/uploads\/2021\/03\/2019-A-WaWoBo-Buchdeckel72-1536x991.jpg 1536w, http:\/\/a-warburg-workbook.org\/wp-content\/uploads\/2021\/03\/2019-A-WaWoBo-Buchdeckel72-660x426.jpg 660w, http:\/\/a-warburg-workbook.org\/wp-content\/uploads\/2021\/03\/2019-A-WaWoBo-Buchdeckel72.jpg 1901w\" sizes=\"auto, (max-width: 1024px) 100vw, 1024px\" \/><\/figure><\/div>\n\n\n<p class=\"has-text-align-center\"><strong>Buchdeckel<\/strong> der Erstausgabe, Dez. 2019 \/ <em><strong>Book cover<\/strong> of the first edition, Dec. 2019<\/em><\/p>\n\n\n\n<p class=\"has-text-align-center\">__________________________<\/p>\n\n\n\n<p class=\"has-text-align-center\"><strong>A Warburg Workbook<\/strong> &#8211; ein Fotobuch-Projekt von Thies Ibold &#8211; Start 2016 anl\u00e4sslich des Jubil\u00e4ums &#8222;20 Jahre <strong>Studio Thies Ibold<\/strong>&#8220; in Hamburg und &#8222;150. Geburtstag <strong>Aby Warburg<\/strong>&#8220; am 13. Juni 2016   \/   <em><strong>A Warburg Workbook <\/strong>&#8211; a photo book project by Thies Ibold &#8211; Start 2016 on the occasion of the anniversary &#8222;20 years of <strong>Studio Thies Ibold<\/strong>&#8220; in Hamburg and &#8222;150th birthday of <strong>Aby Warburg<\/strong>&#8220; on June 13, 2016<\/em><\/p>\n\n\n\n<p class=\"has-text-align-center\"><strong>A Warburg Workbook<\/strong> &#8211; 1. Auflage, 350 Exemplare, Hamburg. 1. Exemplar f\u00fcr Martin Warnke, Halle a.d. Saale 08.12.2019  \/  <em><strong>A Warburg Workbook <\/strong>&#8211; first issue, 350 copies<\/em>,<em> Hamburg.<\/em> <em>1st copy for Martin Warnke, Halle a.d. Saale December 8th, 2019<\/em><\/p>\n\n\n\n<p class=\"has-text-align-center\"><strong>A Warburg Workbook<\/strong> &#8211; erschienen in der Edition Thies Ibold, Hamburg 2019  \/  <em><strong>A Warburg Workbook <\/strong>&#8211; published by Edition Thies Ibold, Hamburg 2019<\/em><\/p>\n\n\n\n<p class=\"has-text-align-center\">__________________________<\/p>\n\n\n\n<figure class=\"wp-block-image size-large\"><img loading=\"lazy\" decoding=\"async\" width=\"684\" height=\"1024\" src=\"https:\/\/a-warburg-workbook.org\/wp-content\/uploads\/2021\/04\/2016-A-WaWoBo-MartinWarnke-KBW72rgb-684x1024.jpg\" alt=\"\" class=\"wp-image-2140\" srcset=\"http:\/\/a-warburg-workbook.org\/wp-content\/uploads\/2021\/04\/2016-A-WaWoBo-MartinWarnke-KBW72rgb-684x1024.jpg 684w, http:\/\/a-warburg-workbook.org\/wp-content\/uploads\/2021\/04\/2016-A-WaWoBo-MartinWarnke-KBW72rgb-200x300.jpg 200w, http:\/\/a-warburg-workbook.org\/wp-content\/uploads\/2021\/04\/2016-A-WaWoBo-MartinWarnke-KBW72rgb-660x989.jpg 660w, http:\/\/a-warburg-workbook.org\/wp-content\/uploads\/2021\/04\/2016-A-WaWoBo-MartinWarnke-KBW72rgb.jpg 757w\" sizes=\"auto, (max-width: 684px) 100vw, 684px\" \/><figcaption class=\"wp-element-caption\">1. Besprechung des Fotobuch-Konzepts mit <strong>Martin Warnke<\/strong>, K.B.W. Sommer 2016. \/ <em>First discussion of the photo book concept with <strong>Martin Warnke<\/strong>, K.B.W. Summer 2016.<\/em><\/figcaption><\/figure>\n\n\n\n<figure class=\"wp-block-gallery has-nested-images columns-default is-cropped wp-block-gallery-2 is-layout-flex wp-block-gallery-is-layout-flex\">\n<figure class=\"wp-block-image size-large\"><img loading=\"lazy\" decoding=\"async\" width=\"1024\" height=\"676\" data-id=\"2141\" src=\"https:\/\/a-warburg-workbook.org\/wp-content\/uploads\/2021\/04\/1812-WarnkeMio-04aSWexQ72-1024x676.jpg\" alt=\"\" class=\"wp-image-2141\" srcset=\"http:\/\/a-warburg-workbook.org\/wp-content\/uploads\/2021\/04\/1812-WarnkeMio-04aSWexQ72-1024x676.jpg 1024w, http:\/\/a-warburg-workbook.org\/wp-content\/uploads\/2021\/04\/1812-WarnkeMio-04aSWexQ72-300x198.jpg 300w, http:\/\/a-warburg-workbook.org\/wp-content\/uploads\/2021\/04\/1812-WarnkeMio-04aSWexQ72-768x507.jpg 768w, http:\/\/a-warburg-workbook.org\/wp-content\/uploads\/2021\/04\/1812-WarnkeMio-04aSWexQ72-200x133.jpg 200w, http:\/\/a-warburg-workbook.org\/wp-content\/uploads\/2021\/04\/1812-WarnkeMio-04aSWexQ72-660x435.jpg 660w, http:\/\/a-warburg-workbook.org\/wp-content\/uploads\/2021\/04\/1812-WarnkeMio-04aSWexQ72.jpg 1417w\" sizes=\"auto, (max-width: 1024px) 100vw, 1024px\" \/><\/figure>\n<figcaption class=\"blocks-gallery-caption wp-element-caption\"><strong>Martin Warnke<\/strong> &#8211; der  Motivator &amp; F\u00f6rderer des Projekts <strong>A Warburg Workbook<\/strong> \/ <em><strong>Martin Warnke<\/strong> &#8211; the motivator &amp; supporter of the <strong>A Warburg Workbook<\/strong> project<\/em>. Photo: Martin Warnke + Thies Ibold in 2018 together at Studio Thies Ibold.<\/figcaption><\/figure>\n\n\n\n<p class=\"has-text-align-center\">__________________________<\/p>\n\n\n\n<p><strong><mark>Herausgeber, Autoren von A Warburg Workbook:<\/mark><\/strong><\/p>\n\n\n\n<p><strong>Thies Ibold<\/strong>, Hamburg, Fotograf, Designer, Grafiker, *1964 Hamburg, Studium Chemie und Philosophie, Universit\u00e4t Hamburg, Dipl. Visuelle Kommunikation, HFBK Hochschule f\u00fcr bildende K\u00fcnste Hamburg<\/p>\n\n\n\n<p><strong><a href=\"https:\/\/de.wikipedia.org\/wiki\/J\u00f6rg_Jochen_Berns\">Prof. Dr. J\u00f6rg Jochen Berns<\/a><\/strong>, Marburg, Germanist, Historiker, *1938 Frankfurt a.M.<\/p>\n\n\n\n<p><strong>Benjamin Fellmann<\/strong>, Hamburg, wissenschaftlicher Koordinator Warburg-Haus<\/p>\n\n\n\n<p><strong><a href=\"https:\/\/de.wikipedia.org\/wiki\/David_Freedberg\">Prof. Dr. David Freedberg<\/a><\/strong>, New York, Kunsthistoriker, *1948 S\u00fcdafrika<\/p>\n\n\n\n<p><strong><a href=\"https:\/\/de.wikipedia.org\/wiki\/Alexander_Honold\">Prof. Dr. Alexander Honold<\/a><\/strong>, Basel, Literaturwissenschaftler, *1962 Chile<\/p>\n\n\n\n<p><strong>Prof. Dr. Peter Krieger<\/strong>, Mexiko Stadt, Kunsthistoriker<\/p>\n\n\n\n<p><strong><a href=\"https:\/\/de.wikipedia.org\/wiki\/Karen_Michels\">PD Dr. Karen Michels<\/a><\/strong>, Hamburg, Kunsthistorikerin, *1959 Rinteln<\/p>\n\n\n\n<p><strong>Hila Laviv<\/strong>, Tel Aviv, K\u00fcnstlerin, *1975 Israel<\/p>\n\n\n\n<p><strong>Dr. Hinrich Sieveking<\/strong>, M\u00fcnchen, Kunsthistoriker<\/p>\n\n\n\n<p><strong><a href=\"https:\/\/de.wikipedia.org\/wiki\/Salvatore_Settis\">Prof. Dr. Salvatore Settis<\/a>,<\/strong> Pisa, Arch\u00e4ologe, Kunsthistoriker, *1941 Italien<\/p>\n\n\n\n<p><strong><a href=\"https:\/\/de.wikipedia.org\/wiki\/Martin_Warnke_(Kunsthistoriker)\">Prof. Dr. Martin Warnke<\/a><\/strong>, Hamburg, Kunsthistoriker, *1937 Brasilien.<\/p>\n\n\n\n<p><\/p>\n\n\n\n<p><mark><strong>Team, Mitwirkende <strong>von A Warburg Workbook<\/strong> &#8211; Dank<\/strong>:<\/mark><\/p>\n\n\n\n<p><strong>Thorsten Baensch, J\u00f6rg Jochen Berns, Benjamin Fellmann, Uwe Fleckner, Kai-Uwe Franz, David Freedberg, Martin Giese, Thomas Gilbhard, Carlo Ginzburg, Gerhard Heiland, Ute Hickmann, Katharina Hoins, Alexander Honold, Mitja Dario Ibold, Renate Kammer, Margit Kern, Andreas Kla\u00dfen, Gisela Kohn, Lars Kohn, Peter Krieger, Jens Kriese, Bodo Kr\u00fcger, Eva Landmann, Hila Laviv, Karen Michels, Marion G. M\u00fcller, Matthias M\u00fcller, Museum am Rothenbaum. Kulturen und K\u00fcnste der Welt MARKK, Zuzanna Musialczyk, Planetarium Hamburg, Birgit Recki, Sigi Sander, Fiona Sangster, Valentina Sazanova, Salvatore Settis, Hinrich Sieveking, Liubov Uslar, Anna-Lena Vahle, Mina Wagener, Martin Warnke, Fanny Weidehaas, Winfried Witt, Lena Wittneben, Cornelia Zumbusch und weitere \u2013 herzlichen Dank an alle!<\/strong><\/p>\n\n\n\n<p class=\"has-text-align-center\">__________________________<\/p>\n\n\n\n<figure class=\"wp-block-image size-large\"><img loading=\"lazy\" decoding=\"async\" width=\"1024\" height=\"734\" src=\"https:\/\/a-warburg-workbook.org\/wp-content\/uploads\/2021\/03\/2019-A-WaWoBo-S30-Intro72--1024x734.jpg\" alt=\"\" class=\"wp-image-1704\" srcset=\"http:\/\/a-warburg-workbook.org\/wp-content\/uploads\/2021\/03\/2019-A-WaWoBo-S30-Intro72--1024x734.jpg 1024w, http:\/\/a-warburg-workbook.org\/wp-content\/uploads\/2021\/03\/2019-A-WaWoBo-S30-Intro72--300x215.jpg 300w, http:\/\/a-warburg-workbook.org\/wp-content\/uploads\/2021\/03\/2019-A-WaWoBo-S30-Intro72--768x550.jpg 768w, http:\/\/a-warburg-workbook.org\/wp-content\/uploads\/2021\/03\/2019-A-WaWoBo-S30-Intro72--1536x1101.jpg 1536w, http:\/\/a-warburg-workbook.org\/wp-content\/uploads\/2021\/03\/2019-A-WaWoBo-S30-Intro72--660x473.jpg 660w, http:\/\/a-warburg-workbook.org\/wp-content\/uploads\/2021\/03\/2019-A-WaWoBo-S30-Intro72-.jpg 1701w\" sizes=\"auto, (max-width: 1024px) 100vw, 1024px\" \/><\/figure>\n\n\n\n<p class=\"has-text-align-center\"><strong>A Warburg Workbook &#8211; Intro<\/strong><\/p>\n\n\n\n<p class=\"has-text-align-center\">__________________________<\/p>\n\n\n<div class=\"wp-block-image\">\n<figure class=\"aligncenter size-large\"><img loading=\"lazy\" decoding=\"async\" width=\"1024\" height=\"683\" src=\"https:\/\/a-warburg-workbook.org\/wp-content\/uploads\/2021\/03\/2019-A-WaWoBo-118-119-1024x683.jpg\" alt=\"\" class=\"wp-image-1705\" srcset=\"http:\/\/a-warburg-workbook.org\/wp-content\/uploads\/2021\/03\/2019-A-WaWoBo-118-119-1024x683.jpg 1024w, http:\/\/a-warburg-workbook.org\/wp-content\/uploads\/2021\/03\/2019-A-WaWoBo-118-119-300x200.jpg 300w, http:\/\/a-warburg-workbook.org\/wp-content\/uploads\/2021\/03\/2019-A-WaWoBo-118-119-768x512.jpg 768w, http:\/\/a-warburg-workbook.org\/wp-content\/uploads\/2021\/03\/2019-A-WaWoBo-118-119-1536x1024.jpg 1536w, http:\/\/a-warburg-workbook.org\/wp-content\/uploads\/2021\/03\/2019-A-WaWoBo-118-119-2048x1365.jpg 2048w, http:\/\/a-warburg-workbook.org\/wp-content\/uploads\/2021\/03\/2019-A-WaWoBo-118-119-200x133.jpg 200w, http:\/\/a-warburg-workbook.org\/wp-content\/uploads\/2021\/03\/2019-A-WaWoBo-118-119-660x440.jpg 660w\" sizes=\"auto, (max-width: 1024px) 100vw, 1024px\" \/><\/figure><\/div>\n\n\n<p class=\"has-text-align-center\"><strong>A Warburg Workbook &#8211; Impressum \/ <em>Imprint<\/em><\/strong><\/p>\n\n\n\n<p class=\"has-text-align-center\">__________________________<\/p>\n\n\n\n<p class=\"has-text-align-center\"><strong>ISBN 978 &#8211; 3 &#8211; 9821 493 &#8211; 0 &#8211; 1<\/strong><\/p>\n\n\n\n<p class=\"has-text-align-center\">__________________________<\/p>\n\n\n\n<figure class=\"wp-block-image size-large\"><img loading=\"lazy\" decoding=\"async\" width=\"1024\" height=\"218\" src=\"https:\/\/a-warburg-workbook.org\/wp-content\/uploads\/2021\/03\/2020-A-WaWoBo-Buchdeckel-BannerB72s-1024x218.jpg\" alt=\"\" class=\"wp-image-1701\" srcset=\"http:\/\/a-warburg-workbook.org\/wp-content\/uploads\/2021\/03\/2020-A-WaWoBo-Buchdeckel-BannerB72s-1024x218.jpg 1024w, http:\/\/a-warburg-workbook.org\/wp-content\/uploads\/2021\/03\/2020-A-WaWoBo-Buchdeckel-BannerB72s-300x64.jpg 300w, http:\/\/a-warburg-workbook.org\/wp-content\/uploads\/2021\/03\/2020-A-WaWoBo-Buchdeckel-BannerB72s-768x164.jpg 768w, http:\/\/a-warburg-workbook.org\/wp-content\/uploads\/2021\/03\/2020-A-WaWoBo-Buchdeckel-BannerB72s-1536x327.jpg 1536w, http:\/\/a-warburg-workbook.org\/wp-content\/uploads\/2021\/03\/2020-A-WaWoBo-Buchdeckel-BannerB72s-2048x436.jpg 2048w, http:\/\/a-warburg-workbook.org\/wp-content\/uploads\/2021\/03\/2020-A-WaWoBo-Buchdeckel-BannerB72s-660x141.jpg 660w\" sizes=\"auto, (max-width: 1024px) 100vw, 1024px\" \/><\/figure>\n\n\n\n<p class=\"has-text-align-center\">__________________________<\/p>\n\n\n\n<p class=\"has-text-align-center\"><strong>Erfassung<\/strong> des Buchs A Warburg Workbook in der <strong>Bucerius Bibliothek<\/strong> im MKG Museum f\u00fcr Kunst und Gewerbe Hamburg \/ <em><strong>Collection<\/strong> of the book A Warburg Workbook in the <strong>Bucerius Library<\/strong> in the MKG Museum f\u00fcr Kunst und Gewerbe Hamburg<\/em>:<\/p>\n\n\n\n<figure class=\"wp-block-table\"><table><tbody><tr><td><\/td><td>PPN:&nbsp;<\/td><td>1686545142&nbsp;<a href=\"https:\/\/kxp.k10plus.de\/DB=2.1\/PPNSET?PPN=1686545142\" target=\"_blank\" rel=\"noreferrer noopener\"><\/a><\/td><\/tr><tr><td><\/td><td>Titel:&nbsp;<\/td><td><a href=\"https:\/\/kxp.k10plus.de\/DB=2.1\/MAT=\/NOMAT=T\/CLK?IKT=8062&amp;TRM=Warburg+Workbook\">A Warburg Workbook<\/a>&nbsp;: Foto-Essays aus dem Warburg-Haus Hamburg : photo essays from the Warburg House Hamburg \/ ein Buch von Thies Ibold, mit Texten von J\u00f6rg Jochen Berns, Benjamin Fellmann, David Freedberg, Alexander Honold, Peter Krieger, Karen Michels, Hinrich Sieveking, Salvatore Settis, einem Kunstwerk von Hila Laviv und einem Gespr\u00e4ch mit Martin Warnke<\/td><\/tr><tr><td><\/td><td>Person\/en:&nbsp;<\/td><td><a href=\"https:\/\/kxp.k10plus.de\/DB=2.1\/MAT=\/NOMAT=T\/REL?PPN=1686168209\">Ibold, Thies *1964-* [FotografIn]<\/a>&nbsp;<a href=\"https:\/\/kxp.k10plus.de\/DB=2.1\/PPNSET?PPN=1686168209\"><\/a><a href=\"https:\/\/kxp.k10plus.de\/DB=2.1\/MAT=\/NOMAT=T\/REL?PPN=081711336\">Berns, J\u00f6rg Jochen *1938-* [VerfasserIn von erg\u00e4nzendem Text]<\/a>&nbsp;<a href=\"https:\/\/kxp.k10plus.de\/DB=2.1\/PPNSET?PPN=081711336\"><\/a>&nbsp;;&nbsp;<a href=\"https:\/\/kxp.k10plus.de\/DB=2.1\/MAT=\/NOMAT=T\/REL?PPN=1002248957\">Fellmann, Benjamin [VerfasserIn von erg\u00e4nzendem Text]<\/a>&nbsp;<a href=\"https:\/\/kxp.k10plus.de\/DB=2.1\/PPNSET?PPN=1002248957\"><\/a>&nbsp;;&nbsp;<a href=\"https:\/\/kxp.k10plus.de\/DB=2.1\/MAT=\/NOMAT=T\/REL?PPN=525176640\">Freedberg, David *1948-* [VerfasserIn von erg\u00e4nzendem Text]<\/a>&nbsp;<a href=\"https:\/\/kxp.k10plus.de\/DB=2.1\/PPNSET?PPN=525176640\"><\/a>&nbsp;;&nbsp;<a href=\"https:\/\/kxp.k10plus.de\/DB=2.1\/MAT=\/NOMAT=T\/REL?PPN=081120478\">Honold, Alexander *1962-* [VerfasserIn von erg\u00e4nzendem Text]<\/a>&nbsp;<a href=\"https:\/\/kxp.k10plus.de\/DB=2.1\/PPNSET?PPN=081120478\"><\/a>&nbsp;;&nbsp;<a href=\"https:\/\/kxp.k10plus.de\/DB=2.1\/MAT=\/NOMAT=T\/REL?PPN=682867489\">Krieger, Peter *1961-* [VerfasserIn von erg\u00e4nzendem Text]<\/a>&nbsp;<a href=\"https:\/\/kxp.k10plus.de\/DB=2.1\/PPNSET?PPN=682867489\"><\/a>&nbsp;;&nbsp;<a href=\"https:\/\/kxp.k10plus.de\/DB=2.1\/MAT=\/NOMAT=T\/REL?PPN=526863641\">Michels, Karen *1959-* [VerfasserIn von erg\u00e4nzendem Text]<\/a>&nbsp;<a href=\"https:\/\/kxp.k10plus.de\/DB=2.1\/PPNSET?PPN=526863641\"><\/a>&nbsp;;&nbsp;<a href=\"https:\/\/kxp.k10plus.de\/DB=2.1\/MAT=\/NOMAT=T\/REL?PPN=87646259X\">Sieveking, Hinrich *1940-* [VerfasserIn von erg\u00e4nzendem Text]<\/a>&nbsp;<a href=\"https:\/\/kxp.k10plus.de\/DB=2.1\/PPNSET?PPN=87646259X\"><\/a>&nbsp;;&nbsp;<a href=\"https:\/\/kxp.k10plus.de\/DB=2.1\/MAT=\/NOMAT=T\/REL?PPN=085721115\">Settis, Salvatore *1941-* [VerfasserIn von erg\u00e4nzendem Text]<\/a>&nbsp;<a href=\"https:\/\/kxp.k10plus.de\/DB=2.1\/PPNSET?PPN=085721115\"><\/a>&nbsp;;&nbsp;<a href=\"https:\/\/kxp.k10plus.de\/DB=2.1\/MAT=\/NOMAT=T\/REL?PPN=077518543\">Warnke, Martin *1937-2019* [VerfasserIn von erg\u00e4nzendem Text]<\/a>&nbsp;<a href=\"https:\/\/kxp.k10plus.de\/DB=2.1\/PPNSET?PPN=077518543\"><\/a><\/td><\/tr><tr><td><\/td><td>Ausgabe:&nbsp;<\/td><td>1. Auflage<\/td><\/tr><tr><td><\/td><td>Ort\/Jahr:&nbsp;<\/td><td>Hamburg : Edition Thies Ibold, 2019<\/td><\/tr><tr><td><\/td><td>Sprache\/n:&nbsp;<\/td><td>Deutsch, Englisch<\/td><\/tr><tr><td><\/td><td>Art des Inhalts:&nbsp;<\/td><td><a href=\"https:\/\/kxp.k10plus.de\/DB=2.1\/MAT=\/NOMAT=T\/REL?PPN=104450835\">Bildband<\/a><\/td><\/tr><tr><td><\/td><td>Umfang:&nbsp;<\/td><td>168 Seiten : Illustrationen ; 33 cm<\/td><\/tr><tr><td><\/td><td>Anmerkung:&nbsp;<\/td><td>Archivierung\/Langzeitarchivierung gew\u00e4hrleistet 2020 (Rechtsgrundlage Pflichtexemplar Hamburg). SUB+Uni HamburgText deutsch und englisch<\/td><\/tr><tr><td><a><\/a><\/td><td>Zusammenfassung:&nbsp;<\/td><td>Dieses Foto-Buch von Thies Ibold widmet sich einem symboltr\u00e4chtigen Ort Hamburgs, dem Warburg-Haus in der Heilwigstra\u00dfe, welches bis 1933 die Bibliothek von Aby Warburg beherbergte und seit 1993 wieder in \u00f6ffentlicher Nutzung \u00fcberf\u00fchrt wurde. Die detailreichen Schwarz-Wei\u00df-Aufnahmen lassen ungeahnte Verbindungen entstehen und die innenarchitektonische Einrichtung sowie das Umfeld des Warburg Hauses unter neuen Perspektiven sehen lernen.<\/td><\/tr><tr><td><\/td><td>ISBN:&nbsp;<\/td><td>978-3-9821493-0-1<\/td><\/tr><tr><td><\/td><td>Schlagw\u00f6rter:&nbsp;<\/td><td>*<a href=\"https:\/\/kxp.k10plus.de\/DB=2.1\/MAT=\/NOMAT=T\/REL?PPN=249787393\">Warburg-Haus &lt;Hamburg&gt;<\/a>&nbsp;<a href=\"https:\/\/kxp.k10plus.de\/DB=2.1\/PPNSET?PPN=249787393\"><\/a>&nbsp;\/&nbsp;<a href=\"https:\/\/kxp.k10plus.de\/DB=2.1\/MAT=\/NOMAT=T\/REL?PPN=105216909\">Ellipse<\/a>&nbsp;<a href=\"https:\/\/kxp.k10plus.de\/DB=2.1\/PPNSET?PPN=105216909\"><\/a><\/td><\/tr><tr><td><\/td><td>Klassifikation:&nbsp;<\/td><td>Basisklassifikation:&nbsp;<a href=\"https:\/\/kxp.k10plus.de\/DB=2.1\/MAT=\/NOMAT=T\/REL?PPN=106403168\">02.01 (Geschichte der Wissenschaft und Kultur)<\/a>&nbsp;<a href=\"https:\/\/kxp.k10plus.de\/DB=2.1\/PPNSET?PPN=106403168\"><\/a>&nbsp;|&nbsp;<a href=\"https:\/\/kxp.k10plus.de\/DB=2.1\/MAT=\/NOMAT=T\/REL?PPN=106405705\">21.49 (Photographie: Sonstiges)<\/a>&nbsp;<a href=\"https:\/\/kxp.k10plus.de\/DB=2.1\/PPNSET?PPN=106405705\"><\/a><\/td><\/tr><tr><td><\/td><td>Links zum Titel:&nbsp;<\/td><td><a href=\"https:\/\/a-warburg-workbook.org\/\" target=\"_blank\" rel=\"noreferrer noopener\">https:\/\/a-warburg-workbook.org\/<\/a><\/td><\/tr><\/tbody><\/table><\/figure>\n\n\n\n<figure class=\"wp-block-image size-large\"><img loading=\"lazy\" decoding=\"async\" width=\"1024\" height=\"522\" src=\"https:\/\/a-warburg-workbook.org\/wp-content\/uploads\/2021\/04\/2104-A-WaWoBa-Caps-100x50-72-4-1024x522.jpg\" alt=\"\" class=\"wp-image-1908\" srcset=\"http:\/\/a-warburg-workbook.org\/wp-content\/uploads\/2021\/04\/2104-A-WaWoBa-Caps-100x50-72-4-1024x522.jpg 1024w, http:\/\/a-warburg-workbook.org\/wp-content\/uploads\/2021\/04\/2104-A-WaWoBa-Caps-100x50-72-4-300x153.jpg 300w, http:\/\/a-warburg-workbook.org\/wp-content\/uploads\/2021\/04\/2104-A-WaWoBa-Caps-100x50-72-4-768x391.jpg 768w, http:\/\/a-warburg-workbook.org\/wp-content\/uploads\/2021\/04\/2104-A-WaWoBa-Caps-100x50-72-4-660x336.jpg 660w, http:\/\/a-warburg-workbook.org\/wp-content\/uploads\/2021\/04\/2104-A-WaWoBa-Caps-100x50-72-4.jpg 1417w\" sizes=\"auto, (max-width: 1024px) 100vw, 1024px\" \/><\/figure>\n\n\n\n<p><\/p>\n","protected":false},"excerpt":{"rendered":"<p>Buchdeckel der Erstausgabe, Dez. 2019 \/ Book cover of the first edition, Dec. 2019 __________________________ A Warburg Workbook &#8211; ein&hellip; <a class=\"read-more\" href=\"http:\/\/a-warburg-workbook.org\/news\/facts\">Weiterlesen <span class=\"screen-reader-text\">FACTS<\/span><\/a><\/p>\n","protected":false},"author":1,"featured_media":0,"parent":0,"menu_order":0,"comment_status":"closed","ping_status":"closed","template":"","meta":{"ngg_post_thumbnail":0,"footnotes":""},"class_list":["post-819","page","type-page","status-publish","hentry"],"jetpack_sharing_enabled":true,"_links":{"self":[{"href":"http:\/\/a-warburg-workbook.org\/news\/wp-json\/wp\/v2\/pages\/819","targetHints":{"allow":["GET"]}}],"collection":[{"href":"http:\/\/a-warburg-workbook.org\/news\/wp-json\/wp\/v2\/pages"}],"about":[{"href":"http:\/\/a-warburg-workbook.org\/news\/wp-json\/wp\/v2\/types\/page"}],"author":[{"embeddable":true,"href":"http:\/\/a-warburg-workbook.org\/news\/wp-json\/wp\/v2\/users\/1"}],"replies":[{"embeddable":true,"href":"http:\/\/a-warburg-workbook.org\/news\/wp-json\/wp\/v2\/comments?post=819"}],"version-history":[{"count":32,"href":"http:\/\/a-warburg-workbook.org\/news\/wp-json\/wp\/v2\/pages\/819\/revisions"}],"predecessor-version":[{"id":4407,"href":"http:\/\/a-warburg-workbook.org\/news\/wp-json\/wp\/v2\/pages\/819\/revisions\/4407"}],"wp:attachment":[{"href":"http:\/\/a-warburg-workbook.org\/news\/wp-json\/wp\/v2\/media?parent=819"}],"curies":[{"name":"wp","href":"https:\/\/api.w.org\/{rel}","templated":true}]}}